{"id":104826,"date":"2018-10-04T11:06:41","date_gmt":"2018-10-04T09:06:41","guid":{"rendered":"http:\/\/architekten.epsimec.com\/?page_id=104826"},"modified":"2023-10-16T12:56:39","modified_gmt":"2023-10-16T10:56:39","slug":"startseite","status":"publish","type":"page","link":"https:\/\/architekten.weitzer-parkett.com\/en\/","title":{"rendered":"Startseite"},"content":{"rendered":"<section class=\"wpb-content-wrapper\">[vc_row][vc_column][vc_empty_space height=&#8221;50px&#8221;][vc_column_text]\r\n<h1>Weitzer Parkett \u2013 functional parquet floors!<\/h1>\r\n[\/vc_column_text][vc_empty_space height=&#8221;50px&#8221;][\/vc_column][\/vc_row][vc_row][vc_column]<div class=\"row vc-custom vc-twoblock image-left \">\n\t\t\t\t<div class=\"columns small-12 medium-5 large-6 vc-twoblock-image\">\n\t\t\t\t\t<div class=\"image\">\n\t\t\t\t\t\t<img loading=\"lazy\" decoding=\"async\" width=\"700\" height=\"700\" src=\"https:\/\/architekten.weitzer-parkett.com\/wp-content\/uploads\/2018\/08\/weitzerparkett-kontakt-showroom.jpg\" class=\"attachment-vc-twoblock-content size-vc-twoblock-content\" alt=\"\" srcset=\"https:\/\/architekten.weitzer-parkett.com\/wp-content\/uploads\/2018\/08\/weitzerparkett-kontakt-showroom.jpg 700w, https:\/\/architekten.weitzer-parkett.com\/wp-content\/uploads\/2018\/08\/weitzerparkett-kontakt-showroom-150x150.jpg 150w, https:\/\/architekten.weitzer-parkett.com\/wp-content\/uploads\/2018\/08\/weitzerparkett-kontakt-showroom-300x300.jpg 300w\" sizes=\"auto, (max-width: 700px) 100vw, 700px\" \/>\n\t\t\t\t\t\t<div class=\"button-area\"><a href=\"https:\/\/architekten.weitzer-parkett.com\/en\/contact\/\" target=\"\" title=\"Contact\" class=\"two-block-content button wp-ghost-white\" rel=\"\">Contact us now<\/a><\/div>\n\t\t\t\t\t<\/div>\n\t\t\t\t<\/div>\n\t\t\t\t<div class=\"columns small-12 medium-7 large-6 vc-twoblock-content\">\n\t\t\t\t\t<div class=\"inner add-hidden-readmore-element\">\n\t\t\t\t\t\t<h2><a href=\"https:\/\/architekten.weitzer-parkett.com\/en\/contact\/\" target=\"\" title=\"Contact\" rel=\"\">Weitzer Parkett Information and Contact<\/a><\/h2>\n\t\t\t\t\t\t<div class=\"text\"><p>We would be pleased to assist you with your design, and to keep you updated about future developments within our Intelligent Parquet Solutions.<\/p>\n<\/div>\n\t\t\t\t\t<\/div>\n\t\t\t\t<\/div>\n\t\t\t<\/div>[\/vc_column][\/vc_row][vc_row][vc_column]\n            <div class=\"row vc-custom vc-certificate-section  medium-uncollapse large-collapse \">\n                <div class=\"columns small-3 medium-3 large-2\"> <a href=\"https:\/\/www.blauer-engel.de\/en\/companies\/weitzer-parkett-vertriebs-gmbh\" class=\"partner p1 image-lang-en\"><\/a> <\/div><div class=\"columns small-3 medium-3 large-1\"> <a href=\"https:\/\/fsc.org\/en\" class=\"partner p2 image-lang-en\"><\/a> <\/div><div class=\"columns small-3 medium-3 large-1\"> <a href=\"https:\/\/www.pefc.at\/\" class=\"partner p3 image-lang-en\"><\/a> <\/div><div class=\"columns small-3 medium-3 large-1\"> <a href=\"https:\/\/www.ul.com\/services\/ul-greenguard-certification\" class=\"partner p4 image-lang-en\"><\/a> <\/div><div class=\"columns small-6 medium-6 large-3\"> <a href=\"https:\/\/realwood.eu\/\" class=\"partner p5 image-lang-en\"><\/a> <\/div><div class=\"columns small-6 medium-6 large-3 end\"> <a href=\"https:\/\/www.klimabuendnis.at\/mitglieder\/weitzer-parkett\/\" class=\"partner p6 image-lang-en\"><\/a> <\/div>\n            <\/div>\n        [\/vc_column][\/vc_row][vc_row][vc_column][\/vc_column][\/vc_row]<\/section>","protected":false},"excerpt":{"rendered":"<p>[vc_row][vc_column][vc_empty_space height=&#8221;50px&#8221;][vc_column_text] Weitzer Parkett \u2013 functional parquet floors! [\/vc_column_text][vc_empty_space height=&#8221;50px&#8221;][\/vc_column][\/vc_row][vc_row][vc_column][\/vc_column][\/vc_row][vc_row][vc_column][\/vc_column][\/vc_row][vc_row][vc_column][\/vc_column][\/vc_row]<\/p>\n","protected":false},"author":1,"featured_media":0,"parent":0,"menu_order":0,"comment_status":"closed","ping_status":"closed","template":"","meta":{"_acf_changed":false,"footnotes":""},"class_list":["post-104826","page","type-page","status-publish","hentry"],"acf":[],"yoast_head":"<!-- This site is optimized with the Yoast SEO plugin v27.1.1 - https:\/\/yoast.com\/product\/yoast-seo-wordpress\/ -->\n<title>Startseite - Weitzer Parkett Architect&#039;s Corner<\/title>\n<meta name=\"description\" content=\"Damit mehr Zeit f\u00fcr Ihre au\u00dfergew\u00f6hnlichen Ideen bleibt! Im Architects Corner von Weitzer Parkett werden Ihre Pl\u00e4ne mit nur einem Klick gleich zum Leben erweckt!\" \/>\n<meta name=\"robots\" content=\"index, follow, max-snippet:-1, max-image-preview:large, max-video-preview:-1\" \/>\n<link rel=\"canonical\" href=\"https:\/\/architekten.weitzer-parkett.com\/en\/\" \/>\n<meta property=\"og:locale\" content=\"en_US\" \/>\n<meta property=\"og:type\" content=\"article\" \/>\n<meta property=\"og:title\" content=\"Startseite - Weitzer Parkett Architect&#039;s Corner\" \/>\n<meta property=\"og:description\" content=\"Damit mehr Zeit f\u00fcr Ihre au\u00dfergew\u00f6hnlichen Ideen bleibt! Im Architects Corner von Weitzer Parkett werden Ihre Pl\u00e4ne mit nur einem Klick gleich zum Leben erweckt!\" \/>\n<meta property=\"og:url\" content=\"https:\/\/architekten.weitzer-parkett.com\/en\/\" \/>\n<meta property=\"og:site_name\" content=\"Weitzer Parkett Architect&#039;s Corner\" \/>\n<meta property=\"article:publisher\" content=\"http:\/\/www.facebook.com\/weitzerparkett\" \/>\n<meta property=\"article:modified_time\" content=\"2023-10-16T10:56:39+00:00\" \/>\n<meta name=\"twitter:card\" content=\"summary_large_image\" \/>\n<meta name=\"twitter:site\" content=\"@weitzerparkett\" \/>\n<meta name=\"twitter:label1\" content=\"Est. reading time\" \/>\n\t<meta name=\"twitter:data1\" content=\"1 minute\" \/>\n<script type=\"application\/ld+json\" class=\"yoast-schema-graph\">{\"@context\":\"https:\/\/schema.org\",\"@graph\":[{\"@type\":\"WebPage\",\"@id\":\"https:\/\/architekten.weitzer-parkett.com\/en\/\",\"url\":\"https:\/\/architekten.weitzer-parkett.com\/en\/\",\"name\":\"Startseite - Weitzer Parkett Architect&#039;s Corner\",\"isPartOf\":{\"@id\":\"https:\/\/architekten.weitzer-parkett.com\/en\/#website\"},\"datePublished\":\"2018-10-04T09:06:41+00:00\",\"dateModified\":\"2023-10-16T10:56:39+00:00\",\"description\":\"Damit mehr Zeit f\u00fcr Ihre au\u00dfergew\u00f6hnlichen Ideen bleibt! Im Architects Corner von Weitzer Parkett werden Ihre Pl\u00e4ne mit nur einem Klick gleich zum Leben erweckt!\",\"inLanguage\":\"en-US\",\"potentialAction\":[{\"@type\":\"ReadAction\",\"target\":[\"https:\/\/architekten.weitzer-parkett.com\/en\/\"]}]},{\"@type\":\"WebSite\",\"@id\":\"https:\/\/architekten.weitzer-parkett.com\/en\/#website\",\"url\":\"https:\/\/architekten.weitzer-parkett.com\/en\/\",\"name\":\"Weitzer Parkett Architect&#039;s Corner\",\"description\":\"Intelligente Parkett- und Stiegenl\u00f6sungen\",\"potentialAction\":[{\"@type\":\"SearchAction\",\"target\":{\"@type\":\"EntryPoint\",\"urlTemplate\":\"https:\/\/architekten.weitzer-parkett.com\/en\/?s={search_term_string}\"},\"query-input\":{\"@type\":\"PropertyValueSpecification\",\"valueRequired\":true,\"valueName\":\"search_term_string\"}}],\"inLanguage\":\"en-US\"}]}<\/script>\n<!-- \/ Yoast SEO plugin. -->","yoast_head_json":{"title":"Startseite - Weitzer Parkett Architect&#039;s Corner","description":"Damit mehr Zeit f\u00fcr Ihre au\u00dfergew\u00f6hnlichen Ideen bleibt! Im Architects Corner von Weitzer Parkett werden Ihre Pl\u00e4ne mit nur einem Klick gleich zum Leben erweckt!","robots":{"index":"index","follow":"follow","max-snippet":"max-snippet:-1","max-image-preview":"max-image-preview:large","max-video-preview":"max-video-preview:-1"},"canonical":"https:\/\/architekten.weitzer-parkett.com\/en\/","og_locale":"en_US","og_type":"article","og_title":"Startseite - Weitzer Parkett Architect&#039;s Corner","og_description":"Damit mehr Zeit f\u00fcr Ihre au\u00dfergew\u00f6hnlichen Ideen bleibt! Im Architects Corner von Weitzer Parkett werden Ihre Pl\u00e4ne mit nur einem Klick gleich zum Leben erweckt!","og_url":"https:\/\/architekten.weitzer-parkett.com\/en\/","og_site_name":"Weitzer Parkett Architect&#039;s Corner","article_publisher":"http:\/\/www.facebook.com\/weitzerparkett","article_modified_time":"2023-10-16T10:56:39+00:00","twitter_card":"summary_large_image","twitter_site":"@weitzerparkett","twitter_misc":{"Est. reading time":"1 minute"},"schema":{"@context":"https:\/\/schema.org","@graph":[{"@type":"WebPage","@id":"https:\/\/architekten.weitzer-parkett.com\/en\/","url":"https:\/\/architekten.weitzer-parkett.com\/en\/","name":"Startseite - Weitzer Parkett Architect&#039;s Corner","isPartOf":{"@id":"https:\/\/architekten.weitzer-parkett.com\/en\/#website"},"datePublished":"2018-10-04T09:06:41+00:00","dateModified":"2023-10-16T10:56:39+00:00","description":"Damit mehr Zeit f\u00fcr Ihre au\u00dfergew\u00f6hnlichen Ideen bleibt! Im Architects Corner von Weitzer Parkett werden Ihre Pl\u00e4ne mit nur einem Klick gleich zum Leben erweckt!","inLanguage":"en-US","potentialAction":[{"@type":"ReadAction","target":["https:\/\/architekten.weitzer-parkett.com\/en\/"]}]},{"@type":"WebSite","@id":"https:\/\/architekten.weitzer-parkett.com\/en\/#website","url":"https:\/\/architekten.weitzer-parkett.com\/en\/","name":"Weitzer Parkett Architect&#039;s Corner","description":"Intelligente Parkett- und Stiegenl\u00f6sungen","potentialAction":[{"@type":"SearchAction","target":{"@type":"EntryPoint","urlTemplate":"https:\/\/architekten.weitzer-parkett.com\/en\/?s={search_term_string}"},"query-input":{"@type":"PropertyValueSpecification","valueRequired":true,"valueName":"search_term_string"}}],"inLanguage":"en-US"}]}},"_links":{"self":[{"href":"https:\/\/architekten.weitzer-parkett.com\/en\/wp-json\/wp\/v2\/pages\/104826","targetHints":{"allow":["GET"]}}],"collection":[{"href":"https:\/\/architekten.weitzer-parkett.com\/en\/wp-json\/wp\/v2\/pages"}],"about":[{"href":"https:\/\/architekten.weitzer-parkett.com\/en\/wp-json\/wp\/v2\/types\/page"}],"author":[{"embeddable":true,"href":"https:\/\/architekten.weitzer-parkett.com\/en\/wp-json\/wp\/v2\/users\/1"}],"replies":[{"embeddable":true,"href":"https:\/\/architekten.weitzer-parkett.com\/en\/wp-json\/wp\/v2\/comments?post=104826"}],"version-history":[{"count":10,"href":"https:\/\/architekten.weitzer-parkett.com\/en\/wp-json\/wp\/v2\/pages\/104826\/revisions"}],"predecessor-version":[{"id":895259,"href":"https:\/\/architekten.weitzer-parkett.com\/en\/wp-json\/wp\/v2\/pages\/104826\/revisions\/895259"}],"wp:attachment":[{"href":"https:\/\/architekten.weitzer-parkett.com\/en\/wp-json\/wp\/v2\/media?parent=104826"}],"curies":[{"name":"wp","href":"https:\/\/api.w.org\/{rel}","templated":true}]}}