{"id":15650,"date":"2018-09-18T09:13:57","date_gmt":"2018-09-18T07:13:57","guid":{"rendered":"http:\/\/architekten.epsimec.com\/?page_id=15650"},"modified":"2024-03-05T14:49:03","modified_gmt":"2024-03-05T13:49:03","slug":"telecharger-maintenant-les-textures","status":"publish","type":"page","link":"https:\/\/architekten.weitzer-parkett.com\/fr\/telecharger-maintenant-les-textures\/","title":{"rendered":"T\u00e9l\u00e9charger maintenant les textures"},"content":{"rendered":"<section class=\"wpb-content-wrapper\">[vc_row][vc_column][vc_empty_space height=\u00a0\u00bb15px\u00a0\u00bb][vc_column_text]\r\n<h3 style=\"text-align: center;\">Les id\u00e9es et les plans g\u00e9niaux sont de votre comp\u00e9tence?<\/h3>\r\n<h1 style=\"text-align: center;\">Vous avez le plan!\r\nNous avons la solution PARQUET intelligente!<\/h1>\r\n[\/vc_column_text][\/vc_column][\/vc_row][vc_row][vc_column width=\u00a0\u00bb1\/2&Prime;][vc_column_text]\r\n<h3>Donner vie et couleur \u00e0 vos plans vous prend trop de temps?\r\n\u00c0 partir de maintenant, cette perte de temps va conna\u00eetre son niveau PLANCHER!<\/h3>\r\n<p class=\"gray\">Afin qu\u2019il reste davantage de temps pour vos id\u00e9es exceptionnelles, Weitzer Parkett va, d\u2019un coup de baguette, faire entrer dans vos plans toutes sortes de parquets!<\/p>\r\nD\u00e8s maintenant, un large choix exclusif d\u2019essences de bois et de formats ainsi que des couleurs modernes de la gamme Weitzer Parkett est \u00e0 votre disposition pour leur t\u00e9l\u00e9chargement.\r\n[\/vc_column_text]<div class=\"text-left\"><a href=\"https:\/\/download.weitzer-parkett.com\/daten\/de\/WP_Bodenendlostexturen.zip\" target=\"\" title=\"Download\" class=\"button wp-dark\" rel=\"\">T\u00e9l\u00e9charger maintenant les textures<\/a><\/div>[\/vc_column][vc_column width=\u00a0\u00bb1\/2&Prime;][vc_single_image image=\u00a0\u00bb15553&Prime; img_size=\u00a0\u00bbfull\u00a0\u00bb][\/vc_column][\/vc_row][vc_row][vc_column width=\u00a0\u00bb1\/2&Prime;][vc_images_carousel images=\u00a0\u00bb15599,15611,15603,15615,15607,15595,15619&Prime; img_size=\u00a0\u00bbfull\u00a0\u00bb speed=\u00a0\u00bb2000&Prime; autoplay=\u00a0\u00bbyes\u00a0\u00bb hide_pagination_control=\u00a0\u00bbyes\u00a0\u00bb hide_prev_next_buttons=\u00a0\u00bbyes\u00a0\u00bb wrap=\u00a0\u00bbyes\u00a0\u00bb css_animation=\u00a0\u00bbfadeIn\u00a0\u00bb][\/vc_column][vc_column width=\u00a0\u00bb1\/2&Prime;][vc_column_text]\r\n<h3 class=\"gray\">Faites tout simplement un essai et insufflez la vie \u00e0 vos plans d\u2019un seul clic de souris!<\/h3>\r\nS\u00e9lectionner tout simplement le parquet id\u00e9al pour votre client et int\u00e9grer d\u2019un seul clic de souris le fichier compatible DAO \u00e0 votre projet.[\/vc_column_text]<div class=\"text-left\"><a href=\"https:\/\/download.weitzer-parkett.com\/daten\/de\/WP_Bodenendlostexturen.zip\" target=\"\" title=\"Download\" class=\"button wp-dark\" rel=\"\">T\u00e9l\u00e9charger maintenant les textures<\/a><\/div>[\/vc_column][\/vc_row][vc_row][vc_column width=\u00a0\u00bb2\/3&Prime;][vc_single_image image=\u00a0\u00bb104&Prime; img_size=\u00a0\u00bbfull\u00a0\u00bb][\/vc_column][vc_column width=\u00a0\u00bb1\/3&Prime;][vc_column_text]Pour toute question ou en cas de probl\u00e8me technique rencontr\u00e9 lors du chargement, veuillez-vous adresser \u00e0 notre service en ligne +43 (0)3172\/2372-0 \u2013 Il vous sera rapidement venu en aide (en anglais ou en allemand).[\/vc_column_text][\/vc_column][\/vc_row][vc_row][vc_column]\n            <div class=\"row vc-custom vc-certificate-section  medium-uncollapse large-collapse \">\n                <div class=\"columns small-3 medium-3 large-2\"> <a href=\"https:\/\/www.blauer-engel.de\/en\/companies\/weitzer-parkett-vertriebs-gmbh\" class=\"partner p1 image-lang-fr\"><\/a> <\/div><div class=\"columns small-3 medium-3 large-1\"> <a href=\"https:\/\/fsc.org\/en\" class=\"partner p2 image-lang-fr\"><\/a> <\/div><div class=\"columns small-3 medium-3 large-1\"> <a href=\"https:\/\/www.pefc.at\/\" class=\"partner p3 image-lang-fr\"><\/a> <\/div><div class=\"columns small-3 medium-3 large-1\"> <a href=\"https:\/\/www.ul.com\/services\/ul-greenguard-certification\" class=\"partner p4 image-lang-fr\"><\/a> <\/div><div class=\"columns small-6 medium-6 large-3\"> <a href=\"https:\/\/realwood.eu\/\" class=\"partner p5 image-lang-fr\"><\/a> <\/div><div class=\"columns small-6 medium-6 large-3 end\"> <a href=\"https:\/\/www.klimabuendnis.at\/mitglieder\/weitzer-parkett\/\" class=\"partner p6 image-lang-fr\"><\/a> <\/div>\n            <\/div>\n        [\/vc_column][\/vc_row]<\/section>","protected":false},"excerpt":{"rendered":"<p>[vc_row][vc_column][vc_empty_space height=\u00a0\u00bb15px\u00a0\u00bb][vc_column_text] Les id\u00e9es et les plans g\u00e9niaux sont de votre comp\u00e9tence? Vous avez le plan! Nous avons la solution PARQUET intelligente! [\/vc_column_text][\/vc_column][\/vc_row][vc_row][vc_column width=\u00a0\u00bb1\/2&Prime;][vc_column_text] Donner vie et couleur \u00e0 vos plans vous prend trop de temps? \u00c0 partir de maintenant, cette perte de temps va conna\u00eetre son niveau PLANCHER! Afin qu\u2019il reste davantage de temps [&hellip;]<\/p>\n","protected":false},"author":1,"featured_media":0,"parent":0,"menu_order":0,"comment_status":"closed","ping_status":"closed","template":"","meta":{"_acf_changed":false,"footnotes":""},"class_list":["post-15650","page","type-page","status-publish","hentry"],"acf":[],"yoast_head":"<!-- This site is optimized with the Yoast SEO plugin v27.1.1 - https:\/\/yoast.com\/product\/yoast-seo-wordpress\/ -->\n<title>T\u00e9l\u00e9charger maintenant les textures - Weitzer Parkett Architect&#039;s Corner<\/title>\n<meta name=\"robots\" content=\"index, follow, max-snippet:-1, max-image-preview:large, max-video-preview:-1\" \/>\n<link rel=\"canonical\" href=\"https:\/\/architekten.weitzer-parkett.com\/fr\/telecharger-maintenant-les-textures\/\" \/>\n<meta property=\"og:locale\" content=\"fr_FR\" \/>\n<meta property=\"og:type\" content=\"article\" \/>\n<meta property=\"og:title\" content=\"T\u00e9l\u00e9charger maintenant les textures - Weitzer Parkett Architect&#039;s Corner\" \/>\n<meta property=\"og:description\" content=\"[vc_row][vc_column][vc_empty_space height=\u00a0\u00bb15px\u00a0\u00bb][vc_column_text] Les id\u00e9es et les plans g\u00e9niaux sont de votre comp\u00e9tence? Vous avez le plan! Nous avons la solution PARQUET intelligente! [\/vc_column_text][\/vc_column][\/vc_row][vc_row][vc_column width=\u00a0\u00bb1\/2&Prime;][vc_column_text] Donner vie et couleur \u00e0 vos plans vous prend trop de temps? \u00c0 partir de maintenant, cette perte de temps va conna\u00eetre son niveau PLANCHER! Afin qu\u2019il reste davantage de temps [&hellip;]\" \/>\n<meta property=\"og:url\" content=\"https:\/\/architekten.weitzer-parkett.com\/fr\/telecharger-maintenant-les-textures\/\" \/>\n<meta property=\"og:site_name\" content=\"Weitzer Parkett Architect&#039;s Corner\" \/>\n<meta property=\"article:publisher\" content=\"http:\/\/www.facebook.com\/weitzerparkett\" \/>\n<meta property=\"article:modified_time\" content=\"2024-03-05T13:49:03+00:00\" \/>\n<meta name=\"twitter:card\" content=\"summary_large_image\" \/>\n<meta name=\"twitter:site\" content=\"@weitzerparkett\" \/>\n<meta name=\"twitter:label1\" content=\"Dur\u00e9e de lecture estim\u00e9e\" \/>\n\t<meta name=\"twitter:data1\" content=\"2 minutes\" \/>\n<script type=\"application\/ld+json\" class=\"yoast-schema-graph\">{\"@context\":\"https:\/\/schema.org\",\"@graph\":[{\"@type\":\"WebPage\",\"@id\":\"https:\/\/architekten.weitzer-parkett.com\/fr\/telecharger-maintenant-les-textures\/\",\"url\":\"https:\/\/architekten.weitzer-parkett.com\/fr\/telecharger-maintenant-les-textures\/\",\"name\":\"T\u00e9l\u00e9charger maintenant les textures - Weitzer Parkett Architect&#039;s Corner\",\"isPartOf\":{\"@id\":\"https:\/\/architekten.weitzer-parkett.com\/fr\/#website\"},\"datePublished\":\"2018-09-18T07:13:57+00:00\",\"dateModified\":\"2024-03-05T13:49:03+00:00\",\"inLanguage\":\"fr-FR\",\"potentialAction\":[{\"@type\":\"ReadAction\",\"target\":[\"https:\/\/architekten.weitzer-parkett.com\/fr\/telecharger-maintenant-les-textures\/\"]}]},{\"@type\":\"WebSite\",\"@id\":\"https:\/\/architekten.weitzer-parkett.com\/fr\/#website\",\"url\":\"https:\/\/architekten.weitzer-parkett.com\/fr\/\",\"name\":\"Weitzer Parkett Architect&#039;s Corner\",\"description\":\"Intelligente Parkett- und Stiegenl\u00f6sungen\",\"potentialAction\":[{\"@type\":\"SearchAction\",\"target\":{\"@type\":\"EntryPoint\",\"urlTemplate\":\"https:\/\/architekten.weitzer-parkett.com\/fr\/?s={search_term_string}\"},\"query-input\":{\"@type\":\"PropertyValueSpecification\",\"valueRequired\":true,\"valueName\":\"search_term_string\"}}],\"inLanguage\":\"fr-FR\"}]}<\/script>\n<!-- \/ Yoast SEO plugin. -->","yoast_head_json":{"title":"T\u00e9l\u00e9charger maintenant les textures - Weitzer Parkett Architect&#039;s Corner","robots":{"index":"index","follow":"follow","max-snippet":"max-snippet:-1","max-image-preview":"max-image-preview:large","max-video-preview":"max-video-preview:-1"},"canonical":"https:\/\/architekten.weitzer-parkett.com\/fr\/telecharger-maintenant-les-textures\/","og_locale":"fr_FR","og_type":"article","og_title":"T\u00e9l\u00e9charger maintenant les textures - Weitzer Parkett Architect&#039;s Corner","og_description":"[vc_row][vc_column][vc_empty_space height=\u00a0\u00bb15px\u00a0\u00bb][vc_column_text] Les id\u00e9es et les plans g\u00e9niaux sont de votre comp\u00e9tence? Vous avez le plan! Nous avons la solution PARQUET intelligente! [\/vc_column_text][\/vc_column][\/vc_row][vc_row][vc_column width=\u00a0\u00bb1\/2&Prime;][vc_column_text] Donner vie et couleur \u00e0 vos plans vous prend trop de temps? \u00c0 partir de maintenant, cette perte de temps va conna\u00eetre son niveau PLANCHER! Afin qu\u2019il reste davantage de temps [&hellip;]","og_url":"https:\/\/architekten.weitzer-parkett.com\/fr\/telecharger-maintenant-les-textures\/","og_site_name":"Weitzer Parkett Architect&#039;s Corner","article_publisher":"http:\/\/www.facebook.com\/weitzerparkett","article_modified_time":"2024-03-05T13:49:03+00:00","twitter_card":"summary_large_image","twitter_site":"@weitzerparkett","twitter_misc":{"Dur\u00e9e de lecture estim\u00e9e":"2 minutes"},"schema":{"@context":"https:\/\/schema.org","@graph":[{"@type":"WebPage","@id":"https:\/\/architekten.weitzer-parkett.com\/fr\/telecharger-maintenant-les-textures\/","url":"https:\/\/architekten.weitzer-parkett.com\/fr\/telecharger-maintenant-les-textures\/","name":"T\u00e9l\u00e9charger maintenant les textures - Weitzer Parkett Architect&#039;s Corner","isPartOf":{"@id":"https:\/\/architekten.weitzer-parkett.com\/fr\/#website"},"datePublished":"2018-09-18T07:13:57+00:00","dateModified":"2024-03-05T13:49:03+00:00","inLanguage":"fr-FR","potentialAction":[{"@type":"ReadAction","target":["https:\/\/architekten.weitzer-parkett.com\/fr\/telecharger-maintenant-les-textures\/"]}]},{"@type":"WebSite","@id":"https:\/\/architekten.weitzer-parkett.com\/fr\/#website","url":"https:\/\/architekten.weitzer-parkett.com\/fr\/","name":"Weitzer Parkett Architect&#039;s Corner","description":"Intelligente Parkett- und Stiegenl\u00f6sungen","potentialAction":[{"@type":"SearchAction","target":{"@type":"EntryPoint","urlTemplate":"https:\/\/architekten.weitzer-parkett.com\/fr\/?s={search_term_string}"},"query-input":{"@type":"PropertyValueSpecification","valueRequired":true,"valueName":"search_term_string"}}],"inLanguage":"fr-FR"}]}},"_links":{"self":[{"href":"https:\/\/architekten.weitzer-parkett.com\/fr\/wp-json\/wp\/v2\/pages\/15650","targetHints":{"allow":["GET"]}}],"collection":[{"href":"https:\/\/architekten.weitzer-parkett.com\/fr\/wp-json\/wp\/v2\/pages"}],"about":[{"href":"https:\/\/architekten.weitzer-parkett.com\/fr\/wp-json\/wp\/v2\/types\/page"}],"author":[{"embeddable":true,"href":"https:\/\/architekten.weitzer-parkett.com\/fr\/wp-json\/wp\/v2\/users\/1"}],"replies":[{"embeddable":true,"href":"https:\/\/architekten.weitzer-parkett.com\/fr\/wp-json\/wp\/v2\/comments?post=15650"}],"version-history":[{"count":11,"href":"https:\/\/architekten.weitzer-parkett.com\/fr\/wp-json\/wp\/v2\/pages\/15650\/revisions"}],"predecessor-version":[{"id":895491,"href":"https:\/\/architekten.weitzer-parkett.com\/fr\/wp-json\/wp\/v2\/pages\/15650\/revisions\/895491"}],"wp:attachment":[{"href":"https:\/\/architekten.weitzer-parkett.com\/fr\/wp-json\/wp\/v2\/media?parent=15650"}],"curies":[{"name":"wp","href":"https:\/\/api.w.org\/{rel}","templated":true}]}}