{"id":15877,"date":"2018-09-18T14:03:24","date_gmt":"2018-09-18T12:03:24","guid":{"rendered":"http:\/\/architekten.epsimec.com\/?page_id=15877"},"modified":"2026-03-23T09:37:24","modified_gmt":"2026-03-23T08:37:24","slug":"informations-techniques","status":"publish","type":"page","link":"https:\/\/architekten.weitzer-parkett.com\/fr\/informations-techniques\/","title":{"rendered":"Informations techniques"},"content":{"rendered":"<section class=\"wpb-content-wrapper\">[vc_row][vc_column][vc_column_text]\r\n<h1 class=\"pageheadline span8\">Informations techniques<\/h1>\r\n<big>Vous trouverez ici toutes les informations importantes et les documents correspondants que vous pouvez simplement t\u00e9l\u00e9charger. Pour d&rsquo;autres questions ou exigences sp\u00e9ciales, veuillez contacter l&rsquo;\u00e9quipe de Weitzer Parkett.<\/big>[\/vc_column_text][\/vc_column][\/vc_row][vc_row][vc_column][vc_single_image image=\u00a0\u00bb895140&Prime; img_size=\u00a0\u00bbfull\u00a0\u00bb onclick=\u00a0\u00bbcustom_link\u00a0\u00bb img_link_target=\u00a0\u00bb_blank\u00a0\u00bb link=\u00a0\u00bbhttps:\/\/architekten.weitzer-parkett.com\/wp-content\/uploads\/2025\/12\/75199_Produktkatalog_2026_FR_v1.2_SCREEN.pdf\u00a0\u00bb][vc_single_image image=\u00a0\u00bb895231&Prime; img_size=\u00a0\u00bbfull\u00a0\u00bb onclick=\u00a0\u00bbcustom_link\u00a0\u00bb img_link_target=\u00a0\u00bb_blank\u00a0\u00bb link=\u00a0\u00bbhttp:\/\/download.weitzer-parkett.com\/sortierungsbuch\/79636_Weitzer-Parkett_Sortierungsbuch_2026.pdf\u00a0\u00bb][\/vc_column][\/vc_row][vc_row equal_height=\u00a0\u00bbyes\u00a0\u00bb][vc_column width=\u00a0\u00bb1\/2&Prime;][vc_column_text]\r\n<h2>Caract\u00e9ristiques parquet<\/h2>\r\n<ul>\r\n \t<li><a href=\"https:\/\/architekten.weitzer-parkett.com\/wp-content\/uploads\/2026\/01\/TD-Weitzer-Lamelle-500_FR.pdf\">Lamelle 500<\/a><\/li>\r\n \t<li><a href=\"https:\/\/architekten.weitzer-parkett.com\/wp-content\/uploads\/2026\/01\/TD-Weitzer-Lamelle-750_FR.pdf\">Lamelle 750<\/a><\/li>\r\n \t<li><a href=\"https:\/\/architekten.weitzer-parkett.com\/wp-content\/uploads\/2026\/01\/TD-Weitzer-Lamelle-1110_FR.pdf\">Lamelle 1110<\/a><\/li>\r\n \t<li><a href=\"https:\/\/architekten.weitzer-parkett.com\/wp-content\/uploads\/2026\/01\/TD-Weitzer-Lamelle-2245-13mm_FR.pdf\">Lamelle 2245<\/a><\/li>\r\n \t<li><a href=\"https:\/\/architekten.weitzer-parkett.com\/wp-content\/uploads\/2026\/01\/TD-Weitzer-Planche-1000_FR.pdf\">Planche 1000<\/a><\/li>\r\n \t<li><a href=\"https:\/\/architekten.weitzer-parkett.com\/wp-content\/uploads\/2026\/01\/TD-Weitzer-Planche-1400_FR.pdf\">Planche 1400<\/a><\/li>\r\n \t<li><a href=\"https:\/\/architekten.weitzer-parkett.com\/wp-content\/uploads\/2026\/01\/TD-Weitzer-Planche-1800_FR.pdf\">Planche 1800<\/a><\/li>\r\n \t<li><a href=\"https:\/\/architekten.weitzer-parkett.com\/wp-content\/uploads\/2026\/01\/TD-Weitzer-Planche-2245-13mm_FR.pdf\">Planche 2245<\/a><\/li>\r\n \t<li><a href=\"https:\/\/architekten.weitzer-parkett.com\/wp-content\/uploads\/2026\/01\/TD-Weitzer-Planche-2245-PLUS_FR.pdf\">Planche 2245 PLUS<\/a><\/li>\r\n \t<li><a href=\"https:\/\/architekten.weitzer-parkett.com\/wp-content\/uploads\/2026\/01\/TD-Weitzer-Strip-360_FR.pdf\">Strip 360<\/a><\/li>\r\n<\/ul>\r\n[\/vc_column_text][vc_column_text]\r\n<h2>Caract\u00e9ristiques parquet projet<\/h2>\r\n<ul>\r\n \t<li><a href=\"https:\/\/architekten.weitzer-parkett.com\/wp-content\/uploads\/2026\/01\/TD-Weitzer-PRO-360-Projet_FR.pdf\">Weitzer PRO 360<\/a><\/li>\r\n \t<li><a href=\"https:\/\/architekten.weitzer-parkett.com\/wp-content\/uploads\/2026\/01\/TD-Weitzer-PRO-360-PLUS-Projet_FR.pdf\">Weitzer PRO 360 PLUS<\/a><\/li>\r\n \t<li><a href=\"https:\/\/architekten.weitzer-parkett.com\/wp-content\/uploads\/2026\/01\/TD-Weitzer-PRO-500-Projet_FR.pdf\">Weitzer PRO 500<\/a><\/li>\r\n \t<li><a href=\"https:\/\/architekten.weitzer-parkett.com\/wp-content\/uploads\/2026\/01\/TD-Weitzer-PRO-500-PLUS-Projet_FR.pdf\">Weitzer PRO 500 PLUS<\/a><\/li>\r\n \t<li><a href=\"https:\/\/architekten.weitzer-parkett.com\/wp-content\/uploads\/2026\/01\/TD-Weitzer-PRO-1000-Projet_FR.pdf\">Weitzer PRO 1000<\/a><\/li>\r\n \t<li><a href=\"https:\/\/architekten.weitzer-parkett.com\/wp-content\/uploads\/2026\/01\/TD-Weitzer-PRO-1000-PLUS-Projet_FR.pdf\">Weitzer PRO 1000 PLUS<\/a><\/li>\r\n \t<li><a href=\"https:\/\/architekten.weitzer-parkett.com\/wp-content\/uploads\/2026\/01\/TD-Weitzer-PRO-1110-Projet_FR.pdf\">Weitzer PRO 1110<\/a><\/li>\r\n \t<li><a href=\"https:\/\/architekten.weitzer-parkett.com\/wp-content\/uploads\/2026\/01\/TD-Weitzer-PRO-1190-Projet_FR.pdf\">Weitzer PRO 1190<\/a><\/li>\r\n \t<li><a href=\"https:\/\/architekten.weitzer-parkett.com\/wp-content\/uploads\/2026\/01\/TD-Weitzer-PRO-2245-13mm-Projet_FR.pdf\">Weitzer PRO 2245 (13 mm)<\/a><\/li>\r\n \t<li><a href=\"https:\/\/architekten.weitzer-parkett.com\/wp-content\/uploads\/2026\/01\/TD-Weitzer-PRO-2245-PLUS-Projet_FR.pdf\">Weitzer PRO 2245 PLUS<\/a><\/li>\r\n<\/ul>\r\n[\/vc_column_text][\/vc_column][vc_column width=\u00a0\u00bb1\/2&Prime;][vc_column_text]\r\n<h2>Data Sheets<\/h2>\r\n<ul>\r\n \t<li><a href=\"https:\/\/architekten.weitzer-parkett.com\/wp-content\/uploads\/2025\/01\/Datasheet_Weitzer_Planche_1000_FR.pdf\">Planche 1000<\/a><\/li>\r\n \t<li><a href=\"https:\/\/architekten.weitzer-parkett.com\/wp-content\/uploads\/2025\/01\/Datasheet_Weitzer_Planche_1400_FR.pdf\">Planche 1400<\/a><\/li>\r\n \t<li><a href=\"https:\/\/architekten.weitzer-parkett.com\/wp-content\/uploads\/2025\/01\/Datasheet_Weitzer_Planche_2245_PLUS_FR.pdf\">Planche 2245 Plus<\/a><\/li>\r\n \t<li><a href=\"https:\/\/architekten.weitzer-parkett.com\/wp-content\/uploads\/2025\/01\/Datasheet_Weitzer_Lamelle_500_FR.pdf\">Lamelle 500<\/a><\/li>\r\n \t<li><a href=\"https:\/\/architekten.weitzer-parkett.com\/wp-content\/uploads\/2025\/01\/Datasheet_Weitzer_Lamelle_750_FR.pdf\">Lamelle 750<\/a><\/li>\r\n<\/ul>\r\n[\/vc_column_text][vc_column_text css=\u00a0\u00bb.vc_custom_1666007531700{background-color: #ffffff !important;}\u00a0\u00bb]\r\n<h2>Feuille de relev\u00e9 de mesures<\/h2>\r\n<ul>\r\n \t<li><a href=\"https:\/\/architekten.weitzer-parkett.com\/wp-content\/uploads\/2022\/10\/AM_feuille-de-releve-de-mesures_WP_Multi_2022_FR.pdf\">WP Multi<\/a><\/li>\r\n<\/ul>\r\n[\/vc_column_text][vc_column_text css=\u00a0\u00bb.vc_custom_1774255035141{background-color: #ffffff !important;}\u00a0\u00bb]\r\n<h2>Information Produit<\/h2>\r\n<ul>\r\n \t<li><a href=\"https:\/\/architekten.weitzer-parkett.com\/wp-content\/uploads\/2026\/03\/PI-626-WP-Looseglue_FR.pdf\" target=\"_blank\" rel=\"noopener\">PI 626 WP Looseglue<\/a><\/li>\r\n<\/ul>\r\n[\/vc_column_text][\/vc_column][\/vc_row][vc_row][vc_column width=\u00a0\u00bb1\/2&Prime;][vc_column_text css=\u00a0\u00bb.vc_custom_1754307148391{background-color: #ffffff !important;}\u00a0\u00bb]\r\n<h2>Nettoyage &amp; Entretien<\/h2>\r\n<ul>\r\n \t<li><a href=\"https:\/\/architekten.weitzer-parkett.com\/wp-content\/uploads\/2025\/08\/MB-021-Resistance-Thermique-des-produits_FR.pdf\" target=\"_blank\" rel=\"noopener noreferrer\">MB 021 R\u00e9sistance thermique par produit<\/a><\/li>\r\n \t<li><a href=\"https:\/\/architekten.weitzer-parkett.com\/wp-content\/uploads\/2025\/08\/MB-029_Instructions-de-nettoyage-pour-les-parquets-et-les-escaliers-avec-surface-Pro-Strong-mat-dans-le-secteur-residentiel-prive_FR.pdf\" target=\"_blank\" rel=\"noopener\">MB 029 Instructions de nettoyage pour les parquets et les escaliers avec finition Pro Strong mat dans le secteur r\u00e9sidentiel priv\u00e9<\/a><\/li>\r\n \t<li><a href=\"https:\/\/architekten.weitzer-parkett.com\/wp-content\/uploads\/2025\/08\/MB-030-Instructions-d-entretien-et-de-nettoyage-pour-les-surfaces-Pro-Strong-mat-et-Pro-ActivePlus-dans-le-domaine-des-objets_FR.pdf\">MB 030 Instructions d&rsquo;entretien et de nettoyage pour parquets en bois avec ProStrong, ProStrong mat, ProActive+ et surface laqu\u00e9e mate dans le domaine des objets<\/a><\/li>\r\n \t<li><a href=\"https:\/\/architekten.weitzer-parkett.com\/wp-content\/uploads\/2025\/08\/MB-032-Instructions-d-entretien-pour-parquets_EN-bois-et-escaliers-avec-Pro-Vital-pour-surface-dans-le-secteur-residentiel-prive_FR.pdf\" target=\"_blank\" rel=\"noopener noreferrer\">MB 032 Instructions d&rsquo;entretien pour parquets en bois et escaliers avec Pro Vital pour surface dans le secteur r\u00e9sidentiel priv\u00e9<\/a><\/li>\r\n \t<li><a href=\"https:\/\/architekten.weitzer-parkett.com\/wp-content\/uploads\/2025\/08\/MB-034-Instructions-d-entretien-pour-les-parquets_EN-bois-et-les-escaliers-avec-surface-Pro-Vital-Finish-pour-les_ENtreprises-specialisees_FR.pdf\" target=\"_blank\" rel=\"noopener noreferrer\">MB 034 Instructions d&rsquo;entretien pour les parquets en bois et les escaliers avec surface Pro Vital Finish pour les entreprises sp\u00e9cialis\u00e9es<\/a><\/li>\r\n \t<li><a href=\"https:\/\/architekten.weitzer-parkett.com\/wp-content\/uploads\/2025\/08\/MB-037_Instructions-de-nettoyage-pour-les-parquets-et-les-escaliers-avec-surface-Pro-ActivePlus-dans-le-secteur-residentiel-prive_FR.pdf\" target=\"_blank\" rel=\"noopener\">MB 037 Instructions de nettoyage pour les parquets et les escaliers avec finition Pro Active+ dans le secteur r\u00e9sidentiel priv\u00e9<\/a><\/li>\r\n \t<li><a href=\"https:\/\/architekten.weitzer-parkett.com\/wp-content\/uploads\/2025\/08\/MB-051-Mesure-des-tolerances-de-planeite_FR.pdf\">MB 051 Mesure des tol\u00e9rances de plan\u00e9it\u00e9<\/a><\/li>\r\n \t<li><a href=\"https:\/\/architekten.weitzer-parkett.com\/wp-content\/uploads\/2023\/08\/VH-030_Verlegeanleitung-Weitzer-Diele-2245_1800_DE-EN-FR-RU.pdf\">VH 030 Notice de pose Planche 2254 &amp; 1800<\/a><\/li>\r\n<\/ul>\r\n[\/vc_column_text][\/vc_column][vc_column width=\u00a0\u00bb1\/2&Prime;][\/vc_column][\/vc_row][vc_row][vc_column width=\u00a0\u00bb1\/2&Prime;][vc_column_text css=\u00a0\u00bb.vc_custom_1665054840678{background-color: #ffffff !important;}\u00a0\u00bb]\r\n<h2>Propri\u00e9t\u00e9s des finitions<\/h2>\r\n<ul>\r\n \t<li><a href=\"https:\/\/architekten.weitzer-parkett.com\/wp-content\/uploads\/2022\/10\/OE01_Proprietes_finition_ProAcive_FR.pdf\">OE 01 Propri\u00e9t\u00e9s de la finition ProActive+<\/a><\/li>\r\n \t<li><a href=\"https:\/\/architekten.weitzer-parkett.com\/wp-content\/uploads\/2022\/10\/OE02_Proprietes_finition_ProStrong-matt_FR.pdf\">OE 02 Propri\u00e9t\u00e9s de la finition ProStrong matt<\/a><\/li>\r\n \t<li><a href=\"https:\/\/architekten.weitzer-parkett.com\/wp-content\/uploads\/2022\/10\/OE03_Proprietes_finition_Pro-Vital-finish_FR.pdf\">OE 03 Propri\u00e9t\u00e9s de la finition ProVital finish<\/a><\/li>\r\n<\/ul>\r\n[\/vc_column_text][\/vc_column][vc_column width=\u00a0\u00bb1\/2&Prime;][\/vc_column][\/vc_row][vc_row][vc_column]\n            <div class=\"vc-custom vc-bpv \">\n                <div class=\"loader-overlay\"><i class=\"fa fa-spinner fa-pulse fa-3x fa-fw\"><\/i><span class=\"sr-only\">Loading...<\/span><\/div>\n                <div class=\"inner-wrapper bpv-widget \">\n                \n                    <div class=\"row\">\n                        <div class=\"columns small-12\">\n                            <h2>les produits de construction r\u00e8glement<\/h2>\n                        <\/div>\n                    <\/div>\n                    \n                    <div class=\"row\">\n                        <div class=\"columns small-12\">\n                            <div class=\"text\">T\u00e9l\u00e9chargez la d\u00e9claration de performance de votre choix conform\u00e9ment au r\u00e8glement de l'UE sur les produits de construction. Il suffit d'entrer le num\u00e9ro d'article et c'est parti!<\/div>\n                        <\/div>\n                    <\/div>\n                    \n                    <div class=\"row\">\n                        <div class=\"columns small-12\">\n                            <div class=\"bpv-form input-group\">\n                                <input class=\"bpv-form-lang\" name=\"lang\" type=\"hidden\" value=\"fr\">\n                                 <input class=\"bpv-form-artikelnummer\" name=\"artikelnummer\" type=\"text\" placeholder=\"R\u00e9f\u00e9rence\">\n                                 <div class=\"input-group-button\">\n                                    <a href=\"#\" class=\"bpv-form-submit button total-dark\"><i class=\"fa fa-search\"><\/i><\/a>\n                                 <\/div>\n                            <\/div>\n                            <div class=\"response\">\n                                <div class=\"bpv-form-link\" style=\"display:none;\">\n                                    <a class=\"button total-dark\" href=\"#\" target=\"_blank\"><i class=\"fa fa-download\"><\/i> T\u00e9l\u00e9chargez la d\u00e9claration de performance ici.<\/a>\n                                <\/div>\n                                <div class=\"callout small alert bpv-form-no-link-text\" style=\"display:none;\">\n                                    <p>Malheureusement, il n'existe pas de r\u00e8glement portant ce num\u00e9ro d'article. <\/p>\n                                <\/div>\n                            <\/div>\n                        <\/div>\n                    <\/div>\n                <\/div>\n            <\/div>\n        [\/vc_column][\/vc_row][vc_row][vc_column][vc_column_text]\n            <div class=\"row vc-custom vc-certificate-section  medium-uncollapse large-collapse \">\n                <div class=\"columns small-3 medium-3 large-2\"> <a href=\"https:\/\/www.blauer-engel.de\/en\/companies\/weitzer-parkett-vertriebs-gmbh\" class=\"partner p1 image-lang-fr\"><\/a> <\/div><div class=\"columns small-3 medium-3 large-1\"> <a href=\"https:\/\/fsc.org\/en\" class=\"partner p2 image-lang-fr\"><\/a> <\/div><div class=\"columns small-3 medium-3 large-1\"> <a href=\"https:\/\/www.pefc.at\/\" class=\"partner p3 image-lang-fr\"><\/a> <\/div><div class=\"columns small-3 medium-3 large-1\"> <a href=\"https:\/\/www.ul.com\/services\/ul-greenguard-certification\" class=\"partner p4 image-lang-fr\"><\/a> <\/div><div class=\"columns small-6 medium-6 large-3\"> <a href=\"https:\/\/realwood.eu\/\" class=\"partner p5 image-lang-fr\"><\/a> <\/div><div class=\"columns small-6 medium-6 large-3 end\"> <a href=\"https:\/\/www.klimabuendnis.at\/mitglieder\/weitzer-parkett\/\" class=\"partner p6 image-lang-fr\"><\/a> <\/div>\n            <\/div>\n        [\/vc_column_text][\/vc_column][\/vc_row]<\/section>","protected":false},"excerpt":{"rendered":"<p>[vc_row][vc_column][vc_column_text] Informations techniques Vous trouverez ici toutes les informations importantes et les documents correspondants que vous pouvez simplement t\u00e9l\u00e9charger. Pour d&rsquo;autres questions ou exigences sp\u00e9ciales, veuillez contacter l&rsquo;\u00e9quipe de Weitzer Parkett.[\/vc_column_text][\/vc_column][\/vc_row][vc_row][vc_column][vc_single_image image=\u00a0\u00bb895140&Prime; img_size=\u00a0\u00bbfull\u00a0\u00bb onclick=\u00a0\u00bbcustom_link\u00a0\u00bb img_link_target=\u00a0\u00bb_blank\u00a0\u00bb link=\u00a0\u00bbhttps:\/\/architekten.weitzer-parkett.com\/wp-content\/uploads\/2025\/12\/75199_Produktkatalog_2026_FR_v1.2_SCREEN.pdf\u00a0\u00bb][vc_single_image image=\u00a0\u00bb895231&Prime; img_size=\u00a0\u00bbfull\u00a0\u00bb onclick=\u00a0\u00bbcustom_link\u00a0\u00bb img_link_target=\u00a0\u00bb_blank\u00a0\u00bb link=\u00a0\u00bbhttp:\/\/download.weitzer-parkett.com\/sortierungsbuch\/79636_Weitzer-Parkett_Sortierungsbuch_2026.pdf\u00a0\u00bb][\/vc_column][\/vc_row][vc_row equal_height=\u00a0\u00bbyes\u00a0\u00bb][vc_column width=\u00a0\u00bb1\/2&Prime;][vc_column_text] Caract\u00e9ristiques parquet Lamelle 500 Lamelle 750 Lamelle 1110 Lamelle 2245 Planche 1000 [&hellip;]<\/p>\n","protected":false},"author":1,"featured_media":0,"parent":0,"menu_order":0,"comment_status":"closed","ping_status":"closed","template":"","meta":{"_acf_changed":false,"footnotes":""},"class_list":["post-15877","page","type-page","status-publish","hentry"],"acf":[],"yoast_head":"<!-- This site is optimized with the Yoast SEO plugin v27.1.1 - https:\/\/yoast.com\/product\/yoast-seo-wordpress\/ -->\n<title>Informations techniques - Weitzer Parkett Architect&#039;s Corner<\/title>\n<meta name=\"robots\" content=\"index, follow, max-snippet:-1, max-image-preview:large, max-video-preview:-1\" \/>\n<link rel=\"canonical\" href=\"https:\/\/architekten.weitzer-parkett.com\/fr\/informations-techniques\/\" \/>\n<meta property=\"og:locale\" content=\"fr_FR\" \/>\n<meta property=\"og:type\" content=\"article\" \/>\n<meta property=\"og:title\" content=\"Informations techniques - Weitzer Parkett Architect&#039;s Corner\" \/>\n<meta property=\"og:description\" content=\"[vc_row][vc_column][vc_column_text] Informations techniques Vous trouverez ici toutes les informations importantes et les documents correspondants que vous pouvez simplement t\u00e9l\u00e9charger. Pour d&rsquo;autres questions ou exigences sp\u00e9ciales, veuillez contacter l&rsquo;\u00e9quipe de Weitzer Parkett.[\/vc_column_text][\/vc_column][\/vc_row][vc_row][vc_column][vc_single_image image=\u00a0\u00bb895140&Prime; img_size=\u00a0\u00bbfull\u00a0\u00bb onclick=\u00a0\u00bbcustom_link\u00a0\u00bb img_link_target=\u00a0\u00bb_blank\u00a0\u00bb link=\u00a0\u00bbhttps:\/\/architekten.weitzer-parkett.com\/wp-content\/uploads\/2025\/12\/75199_Produktkatalog_2026_FR_v1.2_SCREEN.pdf\u00a0\u00bb][vc_single_image image=\u00a0\u00bb895231&Prime; img_size=\u00a0\u00bbfull\u00a0\u00bb onclick=\u00a0\u00bbcustom_link\u00a0\u00bb img_link_target=\u00a0\u00bb_blank\u00a0\u00bb link=\u00a0\u00bbhttp:\/\/download.weitzer-parkett.com\/sortierungsbuch\/79636_Weitzer-Parkett_Sortierungsbuch_2026.pdf\u00a0\u00bb][\/vc_column][\/vc_row][vc_row equal_height=\u00a0\u00bbyes\u00a0\u00bb][vc_column width=\u00a0\u00bb1\/2&Prime;][vc_column_text] Caract\u00e9ristiques parquet Lamelle 500 Lamelle 750 Lamelle 1110 Lamelle 2245 Planche 1000 [&hellip;]\" \/>\n<meta property=\"og:url\" content=\"https:\/\/architekten.weitzer-parkett.com\/fr\/informations-techniques\/\" \/>\n<meta property=\"og:site_name\" content=\"Weitzer Parkett Architect&#039;s Corner\" \/>\n<meta property=\"article:publisher\" content=\"http:\/\/www.facebook.com\/weitzerparkett\" \/>\n<meta property=\"article:modified_time\" content=\"2026-03-23T08:37:24+00:00\" \/>\n<meta name=\"twitter:card\" content=\"summary_large_image\" \/>\n<meta name=\"twitter:site\" content=\"@weitzerparkett\" \/>\n<meta name=\"twitter:label1\" content=\"Dur\u00e9e de lecture estim\u00e9e\" \/>\n\t<meta name=\"twitter:data1\" content=\"3 minutes\" \/>\n<script type=\"application\/ld+json\" class=\"yoast-schema-graph\">{\"@context\":\"https:\/\/schema.org\",\"@graph\":[{\"@type\":\"WebPage\",\"@id\":\"https:\/\/architekten.weitzer-parkett.com\/fr\/informations-techniques\/\",\"url\":\"https:\/\/architekten.weitzer-parkett.com\/fr\/informations-techniques\/\",\"name\":\"Informations techniques - Weitzer Parkett Architect&#039;s Corner\",\"isPartOf\":{\"@id\":\"https:\/\/architekten.weitzer-parkett.com\/fr\/#website\"},\"datePublished\":\"2018-09-18T12:03:24+00:00\",\"dateModified\":\"2026-03-23T08:37:24+00:00\",\"inLanguage\":\"fr-FR\",\"potentialAction\":[{\"@type\":\"ReadAction\",\"target\":[\"https:\/\/architekten.weitzer-parkett.com\/fr\/informations-techniques\/\"]}]},{\"@type\":\"WebSite\",\"@id\":\"https:\/\/architekten.weitzer-parkett.com\/fr\/#website\",\"url\":\"https:\/\/architekten.weitzer-parkett.com\/fr\/\",\"name\":\"Weitzer Parkett Architect&#039;s Corner\",\"description\":\"Intelligente Parkett- und Stiegenl\u00f6sungen\",\"potentialAction\":[{\"@type\":\"SearchAction\",\"target\":{\"@type\":\"EntryPoint\",\"urlTemplate\":\"https:\/\/architekten.weitzer-parkett.com\/fr\/?s={search_term_string}\"},\"query-input\":{\"@type\":\"PropertyValueSpecification\",\"valueRequired\":true,\"valueName\":\"search_term_string\"}}],\"inLanguage\":\"fr-FR\"}]}<\/script>\n<!-- \/ Yoast SEO plugin. -->","yoast_head_json":{"title":"Informations techniques - Weitzer Parkett Architect&#039;s Corner","robots":{"index":"index","follow":"follow","max-snippet":"max-snippet:-1","max-image-preview":"max-image-preview:large","max-video-preview":"max-video-preview:-1"},"canonical":"https:\/\/architekten.weitzer-parkett.com\/fr\/informations-techniques\/","og_locale":"fr_FR","og_type":"article","og_title":"Informations techniques - Weitzer Parkett Architect&#039;s Corner","og_description":"[vc_row][vc_column][vc_column_text] Informations techniques Vous trouverez ici toutes les informations importantes et les documents correspondants que vous pouvez simplement t\u00e9l\u00e9charger. Pour d&rsquo;autres questions ou exigences sp\u00e9ciales, veuillez contacter l&rsquo;\u00e9quipe de Weitzer Parkett.[\/vc_column_text][\/vc_column][\/vc_row][vc_row][vc_column][vc_single_image image=\u00a0\u00bb895140&Prime; img_size=\u00a0\u00bbfull\u00a0\u00bb onclick=\u00a0\u00bbcustom_link\u00a0\u00bb img_link_target=\u00a0\u00bb_blank\u00a0\u00bb link=\u00a0\u00bbhttps:\/\/architekten.weitzer-parkett.com\/wp-content\/uploads\/2025\/12\/75199_Produktkatalog_2026_FR_v1.2_SCREEN.pdf\u00a0\u00bb][vc_single_image image=\u00a0\u00bb895231&Prime; img_size=\u00a0\u00bbfull\u00a0\u00bb onclick=\u00a0\u00bbcustom_link\u00a0\u00bb img_link_target=\u00a0\u00bb_blank\u00a0\u00bb link=\u00a0\u00bbhttp:\/\/download.weitzer-parkett.com\/sortierungsbuch\/79636_Weitzer-Parkett_Sortierungsbuch_2026.pdf\u00a0\u00bb][\/vc_column][\/vc_row][vc_row equal_height=\u00a0\u00bbyes\u00a0\u00bb][vc_column width=\u00a0\u00bb1\/2&Prime;][vc_column_text] Caract\u00e9ristiques parquet Lamelle 500 Lamelle 750 Lamelle 1110 Lamelle 2245 Planche 1000 [&hellip;]","og_url":"https:\/\/architekten.weitzer-parkett.com\/fr\/informations-techniques\/","og_site_name":"Weitzer Parkett Architect&#039;s Corner","article_publisher":"http:\/\/www.facebook.com\/weitzerparkett","article_modified_time":"2026-03-23T08:37:24+00:00","twitter_card":"summary_large_image","twitter_site":"@weitzerparkett","twitter_misc":{"Dur\u00e9e de lecture estim\u00e9e":"3 minutes"},"schema":{"@context":"https:\/\/schema.org","@graph":[{"@type":"WebPage","@id":"https:\/\/architekten.weitzer-parkett.com\/fr\/informations-techniques\/","url":"https:\/\/architekten.weitzer-parkett.com\/fr\/informations-techniques\/","name":"Informations techniques - Weitzer Parkett Architect&#039;s Corner","isPartOf":{"@id":"https:\/\/architekten.weitzer-parkett.com\/fr\/#website"},"datePublished":"2018-09-18T12:03:24+00:00","dateModified":"2026-03-23T08:37:24+00:00","inLanguage":"fr-FR","potentialAction":[{"@type":"ReadAction","target":["https:\/\/architekten.weitzer-parkett.com\/fr\/informations-techniques\/"]}]},{"@type":"WebSite","@id":"https:\/\/architekten.weitzer-parkett.com\/fr\/#website","url":"https:\/\/architekten.weitzer-parkett.com\/fr\/","name":"Weitzer Parkett Architect&#039;s Corner","description":"Intelligente Parkett- und Stiegenl\u00f6sungen","potentialAction":[{"@type":"SearchAction","target":{"@type":"EntryPoint","urlTemplate":"https:\/\/architekten.weitzer-parkett.com\/fr\/?s={search_term_string}"},"query-input":{"@type":"PropertyValueSpecification","valueRequired":true,"valueName":"search_term_string"}}],"inLanguage":"fr-FR"}]}},"_links":{"self":[{"href":"https:\/\/architekten.weitzer-parkett.com\/fr\/wp-json\/wp\/v2\/pages\/15877","targetHints":{"allow":["GET"]}}],"collection":[{"href":"https:\/\/architekten.weitzer-parkett.com\/fr\/wp-json\/wp\/v2\/pages"}],"about":[{"href":"https:\/\/architekten.weitzer-parkett.com\/fr\/wp-json\/wp\/v2\/types\/page"}],"author":[{"embeddable":true,"href":"https:\/\/architekten.weitzer-parkett.com\/fr\/wp-json\/wp\/v2\/users\/1"}],"replies":[{"embeddable":true,"href":"https:\/\/architekten.weitzer-parkett.com\/fr\/wp-json\/wp\/v2\/comments?post=15877"}],"version-history":[{"count":99,"href":"https:\/\/architekten.weitzer-parkett.com\/fr\/wp-json\/wp\/v2\/pages\/15877\/revisions"}],"predecessor-version":[{"id":897145,"href":"https:\/\/architekten.weitzer-parkett.com\/fr\/wp-json\/wp\/v2\/pages\/15877\/revisions\/897145"}],"wp:attachment":[{"href":"https:\/\/architekten.weitzer-parkett.com\/fr\/wp-json\/wp\/v2\/media?parent=15877"}],"curies":[{"name":"wp","href":"https:\/\/api.w.org\/{rel}","templated":true}]}}